{"id":2991,"date":"2026-04-10T09:20:09","date_gmt":"2026-04-10T07:20:09","guid":{"rendered":"https:\/\/coeuractif.ca\/saint-hubert\/"},"modified":"2026-04-10T14:48:34","modified_gmt":"2026-04-10T12:48:34","slug":"saint-hubert-us","status":"publish","type":"page","link":"https:\/\/coeuractif.ca\/en\/saint-hubert-us\/","title":{"rendered":"Saint-Hubert"},"content":{"rendered":"<section class=\"l-section wpb_row height_large\" id=\"a-propos\"><div class=\"l-section-h i-cf\"><div class=\"g-cols vc_row via_flex valign_top type_default stacking_default\"><div class=\"vc_col-sm-12 wpb_column vc_column_container\"><div class=\"vc_column-inner\"><div class=\"wpb_wrapper\"><div class=\"wpb_text_column us_custom_c7725165 has_text_color\"><div class=\"wpb_wrapper\"><p style=\"text-align: center;\">Coeur Actif \u00e0<\/p>\n<\/div><\/div><div class=\"wpb_text_column us_custom_2774bef1\"><div class=\"wpb_wrapper\"><h1 style=\"text-align: center;\">Saint-Hubert<\/h1>\n<\/div><\/div><div class=\"wpb_text_column\"><div class=\"wpb_wrapper\"><p style=\"text-align: center;\">Cours pour a\u00een\u00e9s<\/p>\n<\/div><\/div><div class=\"w-separator size_custom\" style=\"height:1.5rem\"><\/div><div class=\"g-cols wpb_row via_flex valign_top type_default stacking_default\"><div class=\"vc_col-sm-2 wpb_column vc_column_container\"><div class=\"vc_column-inner\"><div class=\"wpb_wrapper\"><\/div><\/div><\/div><div class=\"vc_col-sm-8 wpb_column vc_column_container\"><div class=\"vc_column-inner\"><div class=\"wpb_wrapper\"><div class=\"wpb_text_column us_custom_cb6d14eb\"><div class=\"wpb_wrapper\"><p style=\"text-align: center;\"><span style=\"color: #f15a29;\"><strong>Ma mission<\/strong><\/span><br \/>\nVous aider \u00e0 garder un c\u0153ur actif, au sens propre et au sens figur\u00e9!<\/p>\n<\/div><\/div><div class=\"wpb_text_column\"><div class=\"wpb_wrapper\"><p style=\"text-align: center;\">Vivez des cours d\u2019exercices dynamiques sp\u00e9cialement con\u00e7us pour les personnes a\u00een\u00e9es qui souhaitent rester \u00e9nergiques, en bonne sant\u00e9 et connect\u00e9es. Depuis 2010, j\u2019offre au Club de l\u2019\u00c2ge d\u2019or de Saint-Hubert ces cours adapt\u00e9s aux adultes jeunes de c\u0153ur et d\u00e9sireux de continuer \u00e0 bouger, quel que soit leur \u00e2ge.<\/p>\n<\/div><\/div><\/div><\/div><\/div><div class=\"vc_col-sm-2 wpb_column vc_column_container\"><div class=\"vc_column-inner\"><div class=\"wpb_wrapper\"><\/div><\/div><\/div><\/div><div class=\"w-separator size_custom\" style=\"height:1.5rem\"><\/div><div class=\"g-cols wpb_row via_flex valign_top type_default stacking_default\"><div class=\"vc_col-sm-6 wpb_column vc_column_container\"><div class=\"vc_column-inner\"><div class=\"wpb_wrapper\"><div class=\"wpb_text_column\"><div class=\"wpb_wrapper\"><p>Chaque session (8 \u00e0 12 semaines selon la session) propose des musiques entra\u00eenantes et des routines dans\u00e9es sur un rythme moins rapide que celui du programme r\u00e9gulier de C\u0152UR ACTIF. Vous am\u00e9liorerez votre sant\u00e9 cardiovasculaire, votre coordination et votre mobilit\u00e9 \u2013 sans sauts ni mouvements \u00e0 fort impact. Nos cours se terminent avec des exercices de renforcement musculaire sur chaise permettant \u00e0 chacun de participer en toute s\u00e9curit\u00e9. Nous int\u00e9grons des routines avec bande \u00e9lastique pour d\u00e9velopper la force et la confiance \u00e0 votre propre rythme.<\/p>\n<\/div><\/div><\/div><\/div><\/div><div class=\"vc_col-sm-6 wpb_column vc_column_container\"><div class=\"vc_column-inner\"><div class=\"wpb_wrapper\"><div class=\"wpb_text_column\"><div class=\"wpb_wrapper\"><p>Durant les cours, je vous offre plusieurs variations d\u2019intensit\u00e9 et des explications claires afin d\u2019adapter les mouvements aux capacit\u00e9s individuelles. Mon objectif est de cr\u00e9er un environnement joyeux et soutenant o\u00f9 vous pouvez am\u00e9liorer votre bien-\u00eatre, appr\u00e9cier le mouvement et c\u00e9l\u00e9brer votre progr\u00e8s. Votre \u00e9panouissement est au c\u0153ur de notre programme!<\/p>\n<\/div><\/div><div class=\"wpb_text_column us_custom_5674d3af\"><div class=\"wpb_wrapper\"><p>* Pour participer \u00e0 ces cours, vous devez \u00eatre membre de la FADOQ du Club de l\u2019\u00c2ge d\u2019or de Saint-Hubert (club 021).<\/p>\n<\/div><\/div><\/div><\/div><\/div><\/div><div class=\"w-separator size_custom\" style=\"height:1.5rem\"><\/div><div class=\"w-btn-wrapper align_center\"><a class=\"w-btn us-btn-style_1\" href=\"https:\/\/coeuractif.ca\/#contact\"><span class=\"w-btn-label\">Contactez-nous<\/span><\/a><\/div><div class=\"w-separator size_custom\" style=\"height:6rem\"><\/div><div class=\"w-grid us_post_carousel caclp-testimonies apply_url_params type_carousel layout_2796 car-grid-testi no_results preload_style_spinner items_3\" id=\"us_post_list_k2ad\" style=\"--items:3;--gap:1.5rem;\"><style>.layout_2796 .w-grid-item-h{border-radius:1rem}.layout_2796 .usg_post_content_1{font-size:1rem!important;line-height:1.4!important;font-style:italic!important}.layout_2796 .usg_vwrapper_1{border-radius:1rem!important;padding:2rem!important}.layout_2796 .usg_post_title_1{font-family:gotham-bold!important}<\/style><div class=\"w-grid-list owl-carousel valign_stretch dotstyle_circle navstyle_circle arrows-ver-pos_middle arrows-hor-pos_on_sides_outside arrows-disabled_hide owl-responsive-2000 with_arrows\" style=\"--transition-duration:600ms;--arrows-size:1.5rem;--arrows-hor-offset:1.5rem;--arrows-gap:10px;\"><\/div><div class=\"w-grid-carousel-json hidden\" onclick='return {&quot;carousel_settings&quot;:{&quot;aria_labels&quot;:{&quot;prev&quot;:&quot;Previous&quot;,&quot;next&quot;:&quot;Next&quot;},&quot;autoplayContinual&quot;:false,&quot;autoplayHoverPause&quot;:true,&quot;autoplayTimeout&quot;:5000,&quot;autoWidth&quot;:false,&quot;smartSpeed&quot;:600,&quot;margin&quot;:0,&quot;mouseDrag&quot;:true,&quot;rtl&quot;:false,&quot;slideBy&quot;:&quot;1&quot;,&quot;touchDrag&quot;:true,&quot;slideTransition&quot;:&quot;&quot;,&quot;responsive&quot;:{&quot;0&quot;:{&quot;autoHeight&quot;:false,&quot;autoplay&quot;:false,&quot;autoWidth&quot;:false,&quot;center&quot;:false,&quot;dots&quot;:false,&quot;items&quot;:1,&quot;loop&quot;:false,&quot;nav&quot;:true,&quot;stagePadding&quot;:0,&quot;slideBy&quot;:&quot;1&quot;},&quot;601&quot;:{&quot;items&quot;:3,&quot;autoplay&quot;:true,&quot;center&quot;:false,&quot;dots&quot;:false,&quot;nav&quot;:true,&quot;autoHeight&quot;:false,&quot;autoWidth&quot;:false,&quot;loop&quot;:false,&quot;stagePadding&quot;:0}}}}'><\/div><\/div><div class=\"w-grid-none type_message\">No results found.<\/div><\/div><\/div><\/div><\/div><\/div><\/section><section class=\"l-section wpb_row height_large\" id=\"cours\"><div class=\"l-section-h i-cf\"><div class=\"g-cols vc_row via_flex valign_top type_default stacking_default\"><div class=\"vc_col-sm-12 wpb_column vc_column_container\"><div class=\"vc_column-inner\"><div class=\"wpb_wrapper\"><div class=\"wpb_text_column\"><div class=\"wpb_wrapper\"><h2 style=\"text-align: center;\">Nos cours<\/h2>\n<\/div><\/div><div class=\"w-separator size_custom\" style=\"height:1.5rem\"><\/div><div class=\"g-cols wpb_row via_flex valign_middle type_default stacking_default\" style=\"--additional-gap:1.5rem;\"><div class=\"vc_col-sm-3 wpb_column vc_column_container\"><div class=\"vc_column-inner\"><div class=\"wpb_wrapper\"><\/div><\/div><\/div><div class=\"vc_col-sm-6 wpb_column vc_column_container\"><div class=\"vc_column-inner\"><div class=\"wpb_wrapper\"><div class=\"w-iconbox iconpos_top style_default color_primary align_center no_title icontype_img\"><div class=\"w-iconbox-icon\" style=\"font-size:200px;\"><img loading=\"lazy\" decoding=\"async\" width=\"600\" height=\"496\" src=\"https:\/\/coeuractif.ca\/wp-content\/uploads\/2026\/03\/coeuractif-cours-aines.png\" class=\"attachment-full size-full\" alt=\"\" srcset=\"https:\/\/coeuractif.ca\/wp-content\/uploads\/2026\/03\/coeuractif-cours-aines.png 600w, https:\/\/coeuractif.ca\/wp-content\/uploads\/2026\/03\/coeuractif-cours-aines-300x248.png 300w\" sizes=\"auto, (max-width: 600px) 100vw, 600px\" \/><\/div><div class=\"w-iconbox-meta\"><div class=\"w-iconbox-text\"><p>Cours mettant l\u2019accent sur l\u2019entra\u00eenement cardiovasculaire et la coordination et combinant des mouvements de renforcement musculaire<\/p>\n<\/div><\/div><\/div><\/div><\/div><\/div><div class=\"vc_col-sm-3 wpb_column vc_column_container\"><div class=\"vc_column-inner\"><div class=\"wpb_wrapper\"><\/div><\/div><\/div><\/div><div class=\"w-separator us_custom_aa77213b has_text_color size_custom with_line width_default thick_1 style_solid color_border align_center\" style=\"height:4rem\"><div class=\"w-separator-h\"><\/div><\/div><div class=\"wpb_text_column caclp-nouppercase\"><div class=\"wpb_wrapper\"><h4 style=\"text-align: center;\">Nous vous offrons :<\/h4>\n<\/div><\/div><div class=\"wpb_text_column caclp-list-offer-color\"><div class=\"wpb_wrapper\"><ul>\n<li style=\"text-align: center;\">Des cours en groupe dans une ambiance \u00e9nergique, amicale, stimulante, sans miroirs ni jugement<\/li>\n<li style=\"text-align: center;\">Des exercices cardio dans\u00e9s, adaptables \u00e0 vos besoins et combin\u00e9s \u00e0 de l&#8217;entra\u00eenement musculaire<\/li>\n<li style=\"text-align: center;\">Un programme complet et \u00e9quilibr\u00e9<\/li>\n<li style=\"text-align: center;\">Trois types de cours pour rester motiv\u00e9 et se sentir progresser<\/li>\n<li style=\"text-align: center;\">Un encadrement qui vous aide \u00e0 vous d\u00e9passer selon VOS capacit\u00e9s<\/li>\n<li style=\"text-align: center;\">De la musique entra\u00eenante et vari\u00e9e<\/li>\n<li style=\"text-align: center;\">Une heure enti\u00e8rement pour VOUS!<\/li>\n<\/ul>\n<\/div><\/div><div class=\"w-separator size_custom\" style=\"height:1.5rem\"><\/div><div class=\"w-btn-wrapper align_center\"><a class=\"w-btn us-btn-style_1\" href=\"https:\/\/coeuractif.ca\/#contact\"><span class=\"w-btn-label\">Contactez-nous<\/span><\/a><\/div><\/div><\/div><\/div><\/div><\/div><\/section><section class=\"l-section wpb_row height_large\" id=\"horaires\"><div class=\"l-section-h i-cf\"><div class=\"g-cols vc_row via_flex valign_top type_default stacking_default\"><div class=\"vc_col-sm-12 wpb_column vc_column_container\"><div class=\"vc_column-inner\"><div class=\"wpb_wrapper\"><div class=\"wpb_text_column\"><div class=\"wpb_wrapper\"><h2 style=\"text-align: center;\">Les sessions<\/h2>\n<\/div><\/div><div class=\"wpb_text_column us_custom_cb6d14eb\"><div class=\"wpb_wrapper\"><p style=\"text-align: center;\">Vous devez \u00eatre membre de la FADOQ<br \/>\nde Saint-Hubert (club 021) pour participer aux cours.<\/p>\n<\/div><\/div><div class=\"w-separator size_custom\" style=\"height:4rem\"><\/div><div class=\"g-cols wpb_row via_flex valign_top type_default stacking_default\"><div class=\"vc_col-sm-6 wpb_column vc_column_container\"><div class=\"vc_column-inner\"><div class=\"wpb_wrapper\"><div class=\"wpb_text_column us_custom_02e4221d has_text_color\"><div class=\"wpb_wrapper\"><h3>Printemps 2026<\/h3>\n<\/div><\/div><div class=\"wpb_text_column us_custom_c1851f29\"><div class=\"wpb_wrapper\"><p><strong>Du 13 avril 2026 au 19 juin 2026<\/strong><br \/>\n(9 semaines)<br \/>\n<em>Pas de cours le 15 et 18 mai 2026<\/em><\/p>\n<\/div><\/div><div class=\"w-separator size_custom\" style=\"height:4rem\"><\/div><div class=\"wpb_text_column\"><div class=\"wpb_wrapper\"><h4>Horaires<\/h4>\n<\/div><\/div><div class=\"wpb_text_column ca-horaire-aines\"><div class=\"wpb_wrapper\"><ul>\n<li>Lundi<br \/>\n9 h 45<\/li>\n<li>Vendredi<br \/>\n9 h 45<\/li>\n<\/ul>\n<\/div><\/div><div class=\"w-separator size_custom\" style=\"height:4rem\"><\/div><div class=\"w-btn-wrapper align_none\"><a class=\"w-btn us-btn-style_1\" href=\"https:\/\/coeuractif.ca\/#contact\"><span class=\"w-btn-label\">Contactez-nous<\/span><\/a><\/div><div class=\"w-separator size_custom\" style=\"height:0rem\" id=\"id75\"><style>@media(max-width:767px){ #id75{height:4rem!important}}<\/style><\/div><\/div><\/div><\/div><div class=\"vc_col-sm-6 wpb_column vc_column_container\"><div class=\"vc_column-inner us_custom_35fc1c50\"><div class=\"wpb_wrapper\"><div class=\"wpb_text_column\"><div class=\"wpb_wrapper\"><h4 style=\"text-align: center;\">Inscriptions<\/h4>\n<\/div><\/div><div class=\"wpb_text_column us_custom_c2489f65 has_text_color\"><div class=\"wpb_wrapper\"><p style=\"text-align: center;\">Aucune r\u00e9servation ou inscription accept\u00e9e avant les dates ci-dessous<\/p>\n<\/div><\/div><div class=\"wpb_text_column\"><div class=\"wpb_wrapper\"><p style=\"text-align: center;\"><strong>La p\u00e9riode d\u2019inscriptions pour la session Printemps 2026 est comme suit\u00a0:<\/strong><\/p>\n<\/div><\/div><div class=\"w-separator size_custom\" style=\"height:1.5rem\"><\/div><div class=\"wpb_text_column\"><div class=\"wpb_wrapper\"><p style=\"text-align: center;\"><strong>\u00a0Personnes pr\u00e9sentement inscrites<br \/>\n\u00e0 la session Hiver 2026 :<br \/>\n<\/strong>du 1er au 27 mars 2026<\/p>\n<\/div><\/div><div class=\"w-separator size_custom\" style=\"height:1.5rem\"><\/div><div class=\"wpb_text_column\"><div class=\"wpb_wrapper\"><p style=\"text-align: center;\"><strong>Nouvelles personnes :<br \/>\n<\/strong>non disponible<br \/>\nles cours sont complets<\/p>\n<\/div><\/div><div class=\"w-separator size_custom\" style=\"height:1.5rem\"><\/div><div class=\"wpb_text_column\"><div class=\"wpb_wrapper\"><p style=\"text-align: center;\">Le nombre de places est limit\u00e9.<br \/>\nLes places restantes seront attribu\u00e9es en ordre de r\u00e9ception des demandes.<\/p>\n<\/div><\/div><\/div><\/div><\/div><\/div><\/div><\/div><\/div><\/div><\/div><\/section><section class=\"l-section wpb_row height_large\" id=\"tarifs\"><div class=\"l-section-h i-cf\"><div class=\"g-cols vc_row via_flex valign_top type_default stacking_default\"><div class=\"vc_col-sm-12 wpb_column vc_column_container\"><div class=\"vc_column-inner\"><div class=\"wpb_wrapper\"><div class=\"wpb_text_column\"><div class=\"wpb_wrapper\"><h2 style=\"text-align: center;\">Nos tarifs<\/h2>\n<\/div><\/div><div class=\"w-separator size_custom\" style=\"height:1.5rem\"><\/div><div class=\"g-cols wpb_row ca-cell-center ca-row-tarif via_flex valign_top type_default stacking_default\" style=\"--additional-gap:15px;\"><div class=\"vc_col-sm-3 wpb_column vc_column_container has_text_color has_bg_color\"><div class=\"vc_column-inner us_custom_e398e3dc\"><div class=\"wpb_wrapper\"><div class=\"wpb_text_column caclp-abo-name\"><div class=\"wpb_wrapper\"><p style=\"text-align: center;\"><strong>1 cours<\/strong><br \/>\npar semaine<\/p>\n<\/div><\/div><div class=\"wpb_text_column caclp-abo-price\"><div class=\"wpb_wrapper\"><p style=\"text-align: center;\"><strong>78,00 $<br \/>\n<\/strong>toutes taxes comprises<\/p>\n<\/div><\/div><\/div><\/div><\/div><div class=\"vc_col-sm-3 wpb_column vc_column_container has_text_color has_bg_color\"><div class=\"vc_column-inner us_custom_c8930898\"><div class=\"wpb_wrapper\"><div class=\"wpb_text_column caclp-abo-name\"><div class=\"wpb_wrapper\"><p style=\"text-align: center;\"><strong>2 cours<\/strong><br \/>\npar semaine<\/p>\n<\/div><\/div><div class=\"wpb_text_column caclp-abo-price\"><div class=\"wpb_wrapper\"><p style=\"text-align: center;\"><strong>156,00 $<br \/>\n<\/strong>toutes taxes comprises<\/p>\n<\/div><\/div><\/div><\/div><\/div><\/div><div class=\"w-separator size_custom\" style=\"height:3rem\"><\/div><div class=\"w-btn-wrapper align_center\"><a class=\"w-btn us-btn-style_1\" href=\"https:\/\/coeuractif.ca\/#contact\"><span class=\"w-btn-label\">Contactez-nous<\/span><\/a><\/div><\/div><\/div><\/div><\/div><\/div><\/section><section class=\"l-section wpb_row height_large\" id=\"photos\"><div class=\"l-section-h i-cf\"><div class=\"g-cols vc_row via_flex valign_top type_default stacking_default\"><div class=\"vc_col-sm-12 wpb_column vc_column_container\"><div class=\"vc_column-inner\"><div class=\"wpb_wrapper\"><div class=\"wpb_text_column\"><div class=\"wpb_wrapper\"><h2 style=\"text-align: center;\">Galerie photos<\/h2>\n<\/div><\/div><div class=\"w-separator size_custom\" style=\"height:1.5rem\"><\/div><div class=\"w-gallery fit_cover type_grid action_popup_image ratio_1x1 count_4\" style=\"--columns:4;--items-gap:20px;\"><div class=\"w-gallery-list\"><div class=\"w-gallery-item\"><div class=\"w-gallery-item-img\"><img loading=\"lazy\" decoding=\"async\" width=\"1000\" height=\"909\" src=\"https:\/\/coeuractif.ca\/wp-content\/uploads\/2019\/12\/coeur-actif-galerie-photos-4.jpg\" class=\"attachment-full size-full\" alt=\"\" srcset=\"https:\/\/coeuractif.ca\/wp-content\/uploads\/2019\/12\/coeur-actif-galerie-photos-4.jpg 1000w, https:\/\/coeuractif.ca\/wp-content\/uploads\/2019\/12\/coeur-actif-galerie-photos-4-300x273.jpg 300w\" sizes=\"auto, (max-width: 1000px) 100vw, 1000px\" \/><\/div><a class=\"w-gallery-item-link\" aria-label=\"coeur-actif-galerie-photos-4\" href=\"https:\/\/coeuractif.ca\/wp-content\/uploads\/2019\/12\/coeur-actif-galerie-photos-4.jpg\"><\/a><\/div><div class=\"w-gallery-item\"><div class=\"w-gallery-item-img\"><img loading=\"lazy\" decoding=\"async\" width=\"1000\" height=\"993\" src=\"https:\/\/coeuractif.ca\/wp-content\/uploads\/2019\/12\/coeur-actif-galerie-photos-3.jpg\" class=\"attachment-full size-full\" alt=\"\" srcset=\"https:\/\/coeuractif.ca\/wp-content\/uploads\/2019\/12\/coeur-actif-galerie-photos-3.jpg 1000w, https:\/\/coeuractif.ca\/wp-content\/uploads\/2019\/12\/coeur-actif-galerie-photos-3-300x298.jpg 300w, https:\/\/coeuractif.ca\/wp-content\/uploads\/2019\/12\/coeur-actif-galerie-photos-3-150x150.jpg 150w\" sizes=\"auto, (max-width: 1000px) 100vw, 1000px\" \/><\/div><a class=\"w-gallery-item-link\" aria-label=\"coeur-actif-galerie-photos-3\" href=\"https:\/\/coeuractif.ca\/wp-content\/uploads\/2019\/12\/coeur-actif-galerie-photos-3.jpg\"><\/a><\/div><div class=\"w-gallery-item\"><div class=\"w-gallery-item-img\"><img loading=\"lazy\" decoding=\"async\" width=\"1000\" height=\"827\" src=\"https:\/\/coeuractif.ca\/wp-content\/uploads\/2019\/12\/coeur-actif-galerie-photos-2.jpg\" class=\"attachment-full size-full\" alt=\"\" srcset=\"https:\/\/coeuractif.ca\/wp-content\/uploads\/2019\/12\/coeur-actif-galerie-photos-2.jpg 1000w, https:\/\/coeuractif.ca\/wp-content\/uploads\/2019\/12\/coeur-actif-galerie-photos-2-300x248.jpg 300w\" sizes=\"auto, (max-width: 1000px) 100vw, 1000px\" \/><\/div><a class=\"w-gallery-item-link\" aria-label=\"coeur-actif-galerie-photos-2\" href=\"https:\/\/coeuractif.ca\/wp-content\/uploads\/2019\/12\/coeur-actif-galerie-photos-2.jpg\"><\/a><\/div><div class=\"w-gallery-item\"><div class=\"w-gallery-item-img\"><img loading=\"lazy\" decoding=\"async\" width=\"1000\" height=\"792\" src=\"https:\/\/coeuractif.ca\/wp-content\/uploads\/2019\/12\/coeur-actif-galerie-photos-1.jpg\" class=\"attachment-full size-full\" alt=\"\" srcset=\"https:\/\/coeuractif.ca\/wp-content\/uploads\/2019\/12\/coeur-actif-galerie-photos-1.jpg 1000w, https:\/\/coeuractif.ca\/wp-content\/uploads\/2019\/12\/coeur-actif-galerie-photos-1-300x238.jpg 300w\" sizes=\"auto, (max-width: 1000px) 100vw, 1000px\" \/><\/div><a class=\"w-gallery-item-link\" aria-label=\"coeur-actif-galerie-photos-1\" href=\"https:\/\/coeuractif.ca\/wp-content\/uploads\/2019\/12\/coeur-actif-galerie-photos-1.jpg\"><\/a><\/div><\/div><div class=\"w-gallery-json hidden\"  onclick='return {&quot;action&quot;:&quot;us_ajax_gallery&quot;,&quot;template_vars&quot;:{&quot;ids&quot;:[167,165,163,161],&quot;img_size&quot;:&quot;full&quot;,&quot;items_click_action&quot;:&quot;popup_image&quot;,&quot;items_link&quot;:&quot;{\\&quot;url\\&quot;:\\&quot;\\&quot;}&quot;,&quot;items_title&quot;:0,&quot;max_num_pages&quot;:1,&quot;quantity&quot;:&quot;16&quot;,&quot;pagination&quot;:&quot;load_on_btn&quot;},&quot;_us_nonce&quot;:&quot;3153a958d6&quot;}'><\/div><\/div><\/div><\/div><\/div><\/div><\/div><\/section>\n","protected":false},"excerpt":{"rendered":"Coeur Actif \u00e0 Saint-Hubert Cours pour a\u00een\u00e9s Ma mission Vous aider \u00e0 garder un c\u0153ur actif, au sens propre et au sens figur\u00e9! Vivez des cours d\u2019exercices dynamiques sp\u00e9cialement con\u00e7us pour les personnes a\u00een\u00e9es qui souhaitent rester \u00e9nergiques, en bonne sant\u00e9 et connect\u00e9es. Depuis 2010, j\u2019offre au Club de l\u2019\u00c2ge d\u2019or de Saint-Hubert ces cours...","protected":false},"author":1,"featured_media":0,"parent":0,"menu_order":0,"comment_status":"closed","ping_status":"closed","template":"","meta":{"footnotes":""},"class_list":["post-2991","page","type-page","status-publish","hentry"],"yoast_head":"<!-- This site is optimized with the Yoast SEO plugin v27.3 - https:\/\/yoast.com\/product\/yoast-seo-wordpress\/ -->\n<title>Saint-Hubert - COEUR ACTIF<\/title>\n<meta name=\"robots\" content=\"index, follow, max-snippet:-1, max-image-preview:large, max-video-preview:-1\" \/>\n<link rel=\"canonical\" href=\"https:\/\/coeuractif.ca\/en\/saint-hubert-us\/\" \/>\n<meta property=\"og:locale\" content=\"en_US\" \/>\n<meta property=\"og:type\" content=\"article\" \/>\n<meta property=\"og:title\" content=\"Saint-Hubert - COEUR ACTIF\" \/>\n<meta property=\"og:url\" content=\"https:\/\/coeuractif.ca\/en\/saint-hubert-us\/\" \/>\n<meta property=\"og:site_name\" content=\"COEUR ACTIF\" \/>\n<meta property=\"article:modified_time\" content=\"2026-04-10T12:48:34+00:00\" \/>\n<meta name=\"twitter:card\" content=\"summary_large_image\" \/>\n<meta name=\"twitter:label1\" content=\"Est. reading time\" \/>\n\t<meta name=\"twitter:data1\" content=\"5 minutes\" \/>\n<script type=\"application\/ld+json\" class=\"yoast-schema-graph\">{\"@context\":\"https:\\\/\\\/schema.org\",\"@graph\":[{\"@type\":\"WebPage\",\"@id\":\"https:\\\/\\\/coeuractif.ca\\\/en\\\/saint-hubert-us\\\/\",\"url\":\"https:\\\/\\\/coeuractif.ca\\\/en\\\/saint-hubert-us\\\/\",\"name\":\"Saint-Hubert - COEUR ACTIF\",\"isPartOf\":{\"@id\":\"https:\\\/\\\/coeuractif.ca\\\/#website\"},\"datePublished\":\"2026-04-10T07:20:09+00:00\",\"dateModified\":\"2026-04-10T12:48:34+00:00\",\"breadcrumb\":{\"@id\":\"https:\\\/\\\/coeuractif.ca\\\/en\\\/saint-hubert-us\\\/#breadcrumb\"},\"inLanguage\":\"en-US\",\"potentialAction\":[{\"@type\":\"ReadAction\",\"target\":[\"https:\\\/\\\/coeuractif.ca\\\/en\\\/saint-hubert-us\\\/\"]}]},{\"@type\":\"BreadcrumbList\",\"@id\":\"https:\\\/\\\/coeuractif.ca\\\/en\\\/saint-hubert-us\\\/#breadcrumb\",\"itemListElement\":[{\"@type\":\"ListItem\",\"position\":1,\"name\":\"Accueil\",\"item\":\"https:\\\/\\\/coeuractif.ca\\\/en\\\/\"},{\"@type\":\"ListItem\",\"position\":2,\"name\":\"Saint-Hubert\"}]},{\"@type\":\"WebSite\",\"@id\":\"https:\\\/\\\/coeuractif.ca\\\/#website\",\"url\":\"https:\\\/\\\/coeuractif.ca\\\/\",\"name\":\"COEUR ACTIF\",\"description\":\"Un site utilisant WordPress\",\"publisher\":{\"@id\":\"https:\\\/\\\/coeuractif.ca\\\/#organization\"},\"potentialAction\":[{\"@type\":\"SearchAction\",\"target\":{\"@type\":\"EntryPoint\",\"urlTemplate\":\"https:\\\/\\\/coeuractif.ca\\\/?s={search_term_string}\"},\"query-input\":{\"@type\":\"PropertyValueSpecification\",\"valueRequired\":true,\"valueName\":\"search_term_string\"}}],\"inLanguage\":\"en-US\"},{\"@type\":\"Organization\",\"@id\":\"https:\\\/\\\/coeuractif.ca\\\/#organization\",\"name\":\"Coeur Actif\",\"url\":\"https:\\\/\\\/coeuractif.ca\\\/\",\"logo\":{\"@type\":\"ImageObject\",\"inLanguage\":\"en-US\",\"@id\":\"https:\\\/\\\/coeuractif.ca\\\/#\\\/schema\\\/logo\\\/image\\\/\",\"url\":\"https:\\\/\\\/coeuractif.ca\\\/wp-content\\\/uploads\\\/2026\\\/03\\\/coeuractif-favicon.png\",\"contentUrl\":\"https:\\\/\\\/coeuractif.ca\\\/wp-content\\\/uploads\\\/2026\\\/03\\\/coeuractif-favicon.png\",\"width\":696,\"height\":696,\"caption\":\"Coeur Actif\"},\"image\":{\"@id\":\"https:\\\/\\\/coeuractif.ca\\\/#\\\/schema\\\/logo\\\/image\\\/\"}}]}<\/script>\n<!-- \/ Yoast SEO plugin. -->","yoast_head_json":{"title":"Saint-Hubert - COEUR ACTIF","robots":{"index":"index","follow":"follow","max-snippet":"max-snippet:-1","max-image-preview":"max-image-preview:large","max-video-preview":"max-video-preview:-1"},"canonical":"https:\/\/coeuractif.ca\/en\/saint-hubert-us\/","og_locale":"en_US","og_type":"article","og_title":"Saint-Hubert - COEUR ACTIF","og_url":"https:\/\/coeuractif.ca\/en\/saint-hubert-us\/","og_site_name":"COEUR ACTIF","article_modified_time":"2026-04-10T12:48:34+00:00","twitter_card":"summary_large_image","twitter_misc":{"Est. reading time":"5 minutes"},"schema":{"@context":"https:\/\/schema.org","@graph":[{"@type":"WebPage","@id":"https:\/\/coeuractif.ca\/en\/saint-hubert-us\/","url":"https:\/\/coeuractif.ca\/en\/saint-hubert-us\/","name":"Saint-Hubert - COEUR ACTIF","isPartOf":{"@id":"https:\/\/coeuractif.ca\/#website"},"datePublished":"2026-04-10T07:20:09+00:00","dateModified":"2026-04-10T12:48:34+00:00","breadcrumb":{"@id":"https:\/\/coeuractif.ca\/en\/saint-hubert-us\/#breadcrumb"},"inLanguage":"en-US","potentialAction":[{"@type":"ReadAction","target":["https:\/\/coeuractif.ca\/en\/saint-hubert-us\/"]}]},{"@type":"BreadcrumbList","@id":"https:\/\/coeuractif.ca\/en\/saint-hubert-us\/#breadcrumb","itemListElement":[{"@type":"ListItem","position":1,"name":"Accueil","item":"https:\/\/coeuractif.ca\/en\/"},{"@type":"ListItem","position":2,"name":"Saint-Hubert"}]},{"@type":"WebSite","@id":"https:\/\/coeuractif.ca\/#website","url":"https:\/\/coeuractif.ca\/","name":"COEUR ACTIF","description":"Un site utilisant WordPress","publisher":{"@id":"https:\/\/coeuractif.ca\/#organization"},"potentialAction":[{"@type":"SearchAction","target":{"@type":"EntryPoint","urlTemplate":"https:\/\/coeuractif.ca\/?s={search_term_string}"},"query-input":{"@type":"PropertyValueSpecification","valueRequired":true,"valueName":"search_term_string"}}],"inLanguage":"en-US"},{"@type":"Organization","@id":"https:\/\/coeuractif.ca\/#organization","name":"Coeur Actif","url":"https:\/\/coeuractif.ca\/","logo":{"@type":"ImageObject","inLanguage":"en-US","@id":"https:\/\/coeuractif.ca\/#\/schema\/logo\/image\/","url":"https:\/\/coeuractif.ca\/wp-content\/uploads\/2026\/03\/coeuractif-favicon.png","contentUrl":"https:\/\/coeuractif.ca\/wp-content\/uploads\/2026\/03\/coeuractif-favicon.png","width":696,"height":696,"caption":"Coeur Actif"},"image":{"@id":"https:\/\/coeuractif.ca\/#\/schema\/logo\/image\/"}}]}},"_links":{"self":[{"href":"https:\/\/coeuractif.ca\/en\/wp-json\/wp\/v2\/pages\/2991","targetHints":{"allow":["GET"]}}],"collection":[{"href":"https:\/\/coeuractif.ca\/en\/wp-json\/wp\/v2\/pages"}],"about":[{"href":"https:\/\/coeuractif.ca\/en\/wp-json\/wp\/v2\/types\/page"}],"author":[{"embeddable":true,"href":"https:\/\/coeuractif.ca\/en\/wp-json\/wp\/v2\/users\/1"}],"replies":[{"embeddable":true,"href":"https:\/\/coeuractif.ca\/en\/wp-json\/wp\/v2\/comments?post=2991"}],"version-history":[{"count":2,"href":"https:\/\/coeuractif.ca\/en\/wp-json\/wp\/v2\/pages\/2991\/revisions"}],"predecessor-version":[{"id":3012,"href":"https:\/\/coeuractif.ca\/en\/wp-json\/wp\/v2\/pages\/2991\/revisions\/3012"}],"wp:attachment":[{"href":"https:\/\/coeuractif.ca\/en\/wp-json\/wp\/v2\/media?parent=2991"}],"curies":[{"name":"wp","href":"https:\/\/api.w.org\/{rel}","templated":true}]}}